{"id":1237,"date":"2018-01-15T20:48:17","date_gmt":"2018-01-15T17:48:17","guid":{"rendered":"https:\/\/salsabil.info\/fr\/?page_id=1237"},"modified":"2023-09-03T11:41:06","modified_gmt":"2023-09-03T08:41:06","slug":"education","status":"publish","type":"page","link":"https:\/\/salsabil.info\/fr\/education\/","title":{"rendered":"\u00c9ducation"},"content":{"rendered":"<p><img loading=\"lazy\" decoding=\"async\" class=\"size-large wp-image-2478 alignleft\" src=\"https:\/\/salsabil.info\/fr\/wp-content\/uploads\/2023\/09\/education-1024x683.jpg\" alt=\"\" width=\"540\" height=\"360\" srcset=\"https:\/\/salsabil.info\/fr\/wp-content\/uploads\/2023\/09\/education-1024x683.jpg 1024w, https:\/\/salsabil.info\/fr\/wp-content\/uploads\/2023\/09\/education-300x200.jpg 300w, https:\/\/salsabil.info\/fr\/wp-content\/uploads\/2023\/09\/education-768x512.jpg 768w, https:\/\/salsabil.info\/fr\/wp-content\/uploads\/2023\/09\/education-1536x1024.jpg 1536w, https:\/\/salsabil.info\/fr\/wp-content\/uploads\/2023\/09\/education-2048x1365.jpg 2048w, https:\/\/salsabil.info\/fr\/wp-content\/uploads\/2023\/09\/education-360x240.jpg 360w\" sizes=\"auto, (max-width: 540px) 100vw, 540px\" \/><\/p>\n<h2>\u00c9ducation<\/h2>\n<p>L\u2019Association Salsabil accorde une attention toute particuli\u00e8re \u00e0 l\u2019\u00e9ducation car\u00a0celle-ci est l\u2019un des piliers n\u00e9cessaires pour le bon d\u00e9veloppement \u00e9conomique et social d\u2019un peuple et d\u2019un pays en entier. Elle va bien au-del\u00e0 de l&rsquo;acquisition de connaissances, car elle forge des bases solides pour la croissance personnelle, le succ\u00e8s professionnel.<\/p>\n<p>L&rsquo;\u00e9ducation scolaire offre un environnement o\u00f9 les \u00e9l\u00e8ves peuvent explorer une vari\u00e9t\u00e9 de sujets, d\u00e9velopper des comp\u00e9tences essentielles et cultiver des qualit\u00e9s telles que la curiosit\u00e9, la pens\u00e9e critique et la r\u00e9silience. Elle pr\u00e9pare \u00e9galement les individus \u00e0 relever les d\u00e9fis de la vie adulte en leur fournissant des comp\u00e9tences sociales, une conscience culturelle et des outils pour r\u00e9soudre les probl\u00e8mes complexes.<\/p>\n<p>En favorisant contribuant \u00e0 la r\u00e9duction des in\u00e9galit\u00e9s, l&rsquo;\u00e9ducation scolaire favorise \u00e9galement l&rsquo;inclusion sociale. En somme, l&rsquo;\u00e9ducation scolaire est le fondement sur lequel repose le d\u00e9veloppement individuel et collectif, et elle joue un r\u00f4le essentiel dans la construction d&rsquo;un avenir prosp\u00e8re et \u00e9clair\u00e9 pour toutes les g\u00e9n\u00e9rations.<\/p>\n<p>Aujourd\u2019hui, pr\u00e8s d\u2019un enfant sur six ne sait pas lire et \u00e9crire. Plus de 200 millions d\u2019enfants dans le monde n\u2019ont pas acc\u00e8s \u00e0 l\u2019\u00e9ducation.<\/p>\n<p>L\u2019Afrique est le continent le plus touch\u00e9 par le manque d\u2019acc\u00e8s \u00e0 l\u2019\u00e9ducation.<\/p>\n<p>Ainsi, nous construisons en Afrique\u00a0des centres socioculturels et y avons mis en place un syst\u00e8me d\u2019enseignement. Nous aidons aussi les enfants dans les pays n\u00e9cessiteux en leur fournissant des mat\u00e9riels scolaires. Nous accordons \u00e9galement une bourse scolaire, destin\u00e9e\u00a0aux\u00a0\u00e9tudiants dans les pays n\u00e9cessiteux qui excellent dans les universit\u00e9s.<\/p>\n<p>En 2017, nous avons annonc\u00e9 un programme de soutien \u00e0 l\u2019enseignement des langues tch\u00e9tch\u00e8ne et ingouche. Ce projet se d\u00e9roule parfaitement et porte\u00a0ses fruits !<\/p>\n<p>Votre contribution et soutien en faveur de l\u2019\u00e9ducation est un investissement s\u00fbr et noble\u00a0! Puissent vos dons et efforts \u00eatre r\u00e9compens\u00e9s\u00a0!<\/p>\n","protected":false},"excerpt":{"rendered":"<p>\u00c9ducation L\u2019Association Salsabil accorde une attention toute particuli\u00e8re \u00e0 l\u2019\u00e9ducation car\u00a0celle-ci est l\u2019un des piliers n\u00e9cessaires pour le bon d\u00e9veloppement \u00e9conomique et social d\u2019un peuple et d\u2019un pays en entier. Elle va bien au-del\u00e0 de l&rsquo;acquisition de connaissances, car elle<\/p>\n","protected":false},"author":1,"featured_media":0,"parent":0,"menu_order":0,"comment_status":"closed","ping_status":"closed","template":"","meta":{"footnotes":""},"class_list":["post-1237","page","type-page","status-publish","hentry"],"_links":{"self":[{"href":"https:\/\/salsabil.info\/fr\/wp-json\/wp\/v2\/pages\/1237","targetHints":{"allow":["GET"]}}],"collection":[{"href":"https:\/\/salsabil.info\/fr\/wp-json\/wp\/v2\/pages"}],"about":[{"href":"https:\/\/salsabil.info\/fr\/wp-json\/wp\/v2\/types\/page"}],"author":[{"embeddable":true,"href":"https:\/\/salsabil.info\/fr\/wp-json\/wp\/v2\/users\/1"}],"replies":[{"embeddable":true,"href":"https:\/\/salsabil.info\/fr\/wp-json\/wp\/v2\/comments?post=1237"}],"version-history":[{"count":3,"href":"https:\/\/salsabil.info\/fr\/wp-json\/wp\/v2\/pages\/1237\/revisions"}],"predecessor-version":[{"id":2479,"href":"https:\/\/salsabil.info\/fr\/wp-json\/wp\/v2\/pages\/1237\/revisions\/2479"}],"wp:attachment":[{"href":"https:\/\/salsabil.info\/fr\/wp-json\/wp\/v2\/media?parent=1237"}],"curies":[{"name":"wp","href":"https:\/\/api.w.org\/{rel}","templated":true}]}}