{"id":150,"date":"2016-07-12T19:56:38","date_gmt":"2016-07-12T16:56:38","guid":{"rendered":"http:\/\/salsabil.info\/fr\/?page_id=150"},"modified":"2023-09-03T11:47:33","modified_gmt":"2023-09-03T08:47:33","slug":"kolodci","status":"publish","type":"page","link":"https:\/\/salsabil.info\/fr\/kolodci\/","title":{"rendered":"Puits"},"content":{"rendered":"<h1><img loading=\"lazy\" decoding=\"async\" class=\"size-large wp-image-2486 alignleft\" src=\"https:\/\/salsabil.info\/fr\/wp-content\/uploads\/2023\/09\/Wells-1024x577.jpg\" alt=\"\" width=\"540\" height=\"304\" srcset=\"https:\/\/salsabil.info\/fr\/wp-content\/uploads\/2023\/09\/Wells-1024x577.jpg 1024w, https:\/\/salsabil.info\/fr\/wp-content\/uploads\/2023\/09\/Wells-300x169.jpg 300w, https:\/\/salsabil.info\/fr\/wp-content\/uploads\/2023\/09\/Wells-768x433.jpg 768w, https:\/\/salsabil.info\/fr\/wp-content\/uploads\/2023\/09\/Wells.jpg 1360w\" sizes=\"auto, (max-width: 540px) 100vw, 540px\" \/><\/h1>\n<h2><strong><u>Nos puits<\/u><\/strong><\/h2>\n<p>L\u2019eau est l\u2019un des besoins les plus essentiels pour l\u2019homme, car v\u00e9ritable source de vie. Beaucoup d\u2019aspects de nos quotidiens tels que l\u2019hygi\u00e8ne, l\u2019alimentation ou les soins m\u00e9dicaux seraient inimaginables sans eau. Pourtant, des millions de personnes dans le monde n\u2019y ont pas acc\u00e8s et pour causes, des zones climatiques expos\u00e9es \u00e0 la s\u00e9cheresse, l\u2019\u00e9chec \u00e9conomique des \u00c9tats ou encore des infrastructures d\u00e9truites suites \u00e0 des conflits arm\u00e9s.<\/p>\n<p>Ainsi, depuis sa fondation en 2013, l\u2019Association Salsabil s\u2019engage pleinement dans la lutte contre le manque d\u2019eau potable via des constructions de puits. En effet, notre organisation compte \u00e0 son actif plus de quatre mille puits qui permettent l\u2019am\u00e9lioration des conditions de vie de centaines de milliers de personnes.<\/p>\n<p>Ces projets de puits sont mis en place dans des zones extr\u00eamement recul\u00e9es, principalement en Niger ainsi qu\u2019au Tchad. Dans ces pays, nous collaborons avec des partenaires locaux pour avoir des sources fiables et de confiance quant \u00e0 la zone g\u00e9ographique concern\u00e9e par les constructions de puits.<\/p>\n<p>Une fois construits, les puits contribuent consid\u00e9rablement \u00e0 l\u2019augmentation de la qualit\u00e9 de vie des villageois. L\u2019hygi\u00e8ne ainsi que les pr\u00e9parations alimentaires sont \u00e9norm\u00e9ment facilit\u00e9es par la pr\u00e9sence d\u2019un puits d\u2019eau sur place. Les habitants du village ne sont plus vuln\u00e9rables aux maladies infectieuses suite \u00e0 la consommation d\u2019eau non-potable.<\/p>\n<p>Ces puits leur permettent \u00e9galement d\u2019\u00e9viter les longs trajets \u00e0 pied jusqu\u2019\u00e0 un point d\u2019eau, pouvant parfois atteindre jusqu\u2019\u00e0 trois jours de marche. L\u2019arriv\u00e9e d\u2019un puits dans le village est aussi une contribution importante quant au d\u00e9veloppement du niveau de vie des habitants, notamment l\u2019am\u00e9lioration des infrastructures et du dynamisme qu\u2019am\u00e8ne l\u2019eau.<\/p>\n<p>De plus, nos partenaires locaux effectuent r\u00e9guli\u00e8rement des contr\u00f4les et nous tiennent inform\u00e9s en cas de dysfonctionnement. Par ailleurs, l\u2019Association Salsabil prend en charge toutes les d\u00e9penses n\u00e9cessaires li\u00e9es aux travaux de r\u00e9paration. C\u2019est un engagement que nous garantissons pour tous nos puits.<\/p>\n<p>Enfin, vous pouvez vous aussi offrir un puits d\u2019eau et amener la vie dans un village, tout simplement en allant dans notre rubrique \u00ab Faire un don \u00bb.<\/p>\n<p>&nbsp;<\/p>\n<p><strong><u>Niger : 1250 \u20ac<\/u><\/strong><\/p>\n<p>Le Niger est l\u2019un des plus vastes pays du continent Africain. L\u2019Association Salsabil y a mis en place la plupart de ses projets.<\/p>\n<p>La grande majorit\u00e9 des Nig\u00e9riens vit dans des conditions tr\u00e8s difficiles et l\u2019acc\u00e8s \u00e0 une eau potable dans le pays est extr\u00eamement limit\u00e9.<\/p>\n<p>La construction de puits dans la r\u00e9gion a d\u00e9but\u00e9 \u00e0 partir de 2014 et nous avons encore aujourd\u2019hui, plus d\u2019une centaine de commandes en cours. Nos puits au Niger sont \u00e9quip\u00e9s de meilleures pompes INDIA MARK-2 actuellement disponibles sur le march\u00e9. Avec sa caracasse robuste <strong>galvanis\u00e9e \u00e0 chaud<\/strong>, son cylindre et ses tringles enti\u00e8rement en <strong>INOX 304<\/strong> ainsi que ses tuyaux en <strong>PVC-U<\/strong> de haute gamme vous \u00eates s\u00fbr d\u2019avoir un puits qui dure !<\/p>\n<p>&nbsp;<\/p>\n<p><strong><u>Tchad : 1 700 \u20ac<\/u><\/strong><\/p>\n<p>L\u2019Association Salsabil a d\u00e9but\u00e9 la construction de puits au Tchad en 2017.<\/p>\n<p>En raison du besoin urgent en eau qui touche le pays, nous faisons de notre mieux afin d\u2019attirer les projecteurs quant \u00e0 la situation locale.<\/p>\n<p>La population est contrainte d\u2019endurer des dizaines de kilom\u00e8tres \u00e0 la recherche d\u2019une bonne eau, qui soit propre et potable.<\/p>\n<p>Malheureusement, le co\u00fbt d\u2019un puits au Tchad est plus on\u00e9reux par rapport aux autres d\u2019Afrique de l\u2019Ouest. Cela est d\u00fb notamment aux m\u00e9thodes de construction n\u00e9cessaires, les prix \u00e9lev\u00e9s du mat\u00e9riel ainsi qu\u2019\u00e0 une p\u00e9nibilit\u00e9 des travaux plus importante li\u00e9e \u00e0 la profondeur des forages. De plus, durant un d\u00e9lai d\u2019un an apr\u00e8s le paiement de votre puits, vous pouvez demander un rapport (vid\u00e9o, photo, \u00e9crit). <a href=\"https:\/\/salsabil.info\/fr\/exemple-de-rapport\/\">Vous trouverez un mod\u00e8le du rapport \u00e9crit en suivant ce lien.<\/a><\/p>\n<p>Si vous aussi, vous voulez construire un puits et rendre meilleure la vie de milliers de personnes, vous pouvez nous contacter en remplissant le <a href=\"https:\/\/salsabil.info\/fr\/kontakty\/\">FORMULAIRE<\/a> dans la rubrique <a href=\"https:\/\/salsabil.info\/fr\/kontakty\/\">CONTACTS<\/a>.<\/p>\n<p>&nbsp;<\/p>\n<div class=\"fitvids-video\"><iframe loading=\"lazy\" title=\"Combien de temps servira votre puits construit en Afrique ?\" width=\"540\" height=\"304\" src=\"https:\/\/www.youtube.com\/embed\/b_mbsX_FKzI?feature=oembed\" frameborder=\"0\" allow=\"accelerometer; autoplay; clipboard-write; encrypted-media; gyroscope; picture-in-picture; web-share\" referrerpolicy=\"strict-origin-when-cross-origin\" allowfullscreen><\/iframe><\/div>\n","protected":false},"excerpt":{"rendered":"<p>Nos puits L\u2019eau est l\u2019un des besoins les plus essentiels pour l\u2019homme, car v\u00e9ritable source de vie. Beaucoup d\u2019aspects de nos quotidiens tels que l\u2019hygi\u00e8ne, l\u2019alimentation ou les soins m\u00e9dicaux seraient inimaginables sans eau. Pourtant, des millions de personnes dans<\/p>\n","protected":false},"author":1,"featured_media":0,"parent":0,"menu_order":0,"comment_status":"closed","ping_status":"closed","template":"","meta":{"footnotes":""},"class_list":["post-150","page","type-page","status-publish","hentry"],"_links":{"self":[{"href":"https:\/\/salsabil.info\/fr\/wp-json\/wp\/v2\/pages\/150","targetHints":{"allow":["GET"]}}],"collection":[{"href":"https:\/\/salsabil.info\/fr\/wp-json\/wp\/v2\/pages"}],"about":[{"href":"https:\/\/salsabil.info\/fr\/wp-json\/wp\/v2\/types\/page"}],"author":[{"embeddable":true,"href":"https:\/\/salsabil.info\/fr\/wp-json\/wp\/v2\/users\/1"}],"replies":[{"embeddable":true,"href":"https:\/\/salsabil.info\/fr\/wp-json\/wp\/v2\/comments?post=150"}],"version-history":[{"count":29,"href":"https:\/\/salsabil.info\/fr\/wp-json\/wp\/v2\/pages\/150\/revisions"}],"predecessor-version":[{"id":2487,"href":"https:\/\/salsabil.info\/fr\/wp-json\/wp\/v2\/pages\/150\/revisions\/2487"}],"wp:attachment":[{"href":"https:\/\/salsabil.info\/fr\/wp-json\/wp\/v2\/media?parent=150"}],"curies":[{"name":"wp","href":"https:\/\/api.w.org\/{rel}","templated":true}]}}