{"id":170,"date":"2016-07-12T20:29:34","date_gmt":"2016-07-12T17:29:34","guid":{"rendered":"http:\/\/salsabil.info\/fr\/?page_id=170"},"modified":"2023-09-03T11:38:04","modified_gmt":"2023-09-03T08:38:04","slug":"afrika","status":"publish","type":"page","link":"https:\/\/salsabil.info\/fr\/afrika\/","title":{"rendered":"Afrique"},"content":{"rendered":"<h2><img loading=\"lazy\" decoding=\"async\" class=\"size-large wp-image-2474 alignleft\" src=\"https:\/\/salsabil.info\/fr\/wp-content\/uploads\/2023\/09\/Africa-1024x678.jpg\" alt=\"\" width=\"540\" height=\"358\" srcset=\"https:\/\/salsabil.info\/fr\/wp-content\/uploads\/2023\/09\/Africa-1024x678.jpg 1024w, https:\/\/salsabil.info\/fr\/wp-content\/uploads\/2023\/09\/Africa-300x199.jpg 300w, https:\/\/salsabil.info\/fr\/wp-content\/uploads\/2023\/09\/Africa-768x509.jpg 768w, https:\/\/salsabil.info\/fr\/wp-content\/uploads\/2023\/09\/Africa-1536x1017.jpg 1536w, https:\/\/salsabil.info\/fr\/wp-content\/uploads\/2023\/09\/Africa-2048x1356.jpg 2048w, https:\/\/salsabil.info\/fr\/wp-content\/uploads\/2023\/09\/Africa-360x240.jpg 360w\" sizes=\"auto, (max-width: 540px) 100vw, 540px\" \/>Afrique<\/h2>\n<p>Depuis 2013, l\u2019Association Salsabil d\u00e9veloppe ses activit\u00e9s humanitaires dans de nombreux pays d\u2019Afrique.<\/p>\n<p>Nos projets en, au Niger, au Tchad, au B\u00e9nin, Somalie ou encore au Togo ont tous pour but d\u2019am\u00e9liorer les conditions de vie des plus n\u00e9cessiteux.<\/p>\n<p>Le continent africain est malheureusement confront\u00e9 \u00e0 de nombreux probl\u00e8mes sociaux et \u00e9conomiques. Il en d\u00e9coule des famines, des p\u00e9nuries d\u2019eau, des maladies et l\u2019absence d\u2019aide m\u00e9dicale.<\/p>\n<p>Nos activit\u00e9s en Afrique sont nombreuses et vari\u00e9es puisque nous organisons des programmes alimentaires, constructions de centres socioculturels et de salles de classe, forages de puits d\u2019eau, parrainages d\u2019orphelins\u2026etc.<\/p>\n<p>La pr\u00e9sence stable et permanente de notre association sur le continent africain, se justifie tout d\u2019abord par l\u2019immensit\u00e9 de son territoire et par l\u2019impossibilit\u00e9 provoqu\u00e9e par le manque de moyens et de mat\u00e9riels des organisations humanitaires internationales, de pouvoir subvenir aux besoins de tous les habitants d\u2019Afrique.<\/p>\n<p>C\u2019est pour cette raison que notre activit\u00e9 principale est tourn\u00e9e vers ce continent.<\/p>\n<p>Notre pr\u00e9occupation principale est le manque d\u2019eau potable, de nourriture, le fort taux de mortalit\u00e9 chez les femmes enceintes et les enfants en bas \u00e2ge \u00e0 cause des p\u00e9nuries alimentaires.<\/p>\n<p>Une situation plus qu\u2019urgente, qui n\u00e9cessite une attention toute particuli\u00e8re et un soutien financier adapt\u00e9.<\/p>\n<p>Vous pouvez nous contacter sur le num\u00e9ro WhatsApp indiqu\u00e9 dans la rubrique Contacts si vous souhaitez avoir plus d\u2019informations sur ce projet. Pour faire un don rendez-vous directement dans la rubrique \u201cFaire un don\u201d et choisissez le projet en question.<\/p>\n<p>&nbsp;<\/p>\n<p>&nbsp;<\/p>\n<p>&nbsp;<\/p>\n<p>&nbsp;<\/p>\n<p>&nbsp;<\/p>\n","protected":false},"excerpt":{"rendered":"<p>Afrique Depuis 2013, l\u2019Association Salsabil d\u00e9veloppe ses activit\u00e9s humanitaires dans de nombreux pays d\u2019Afrique. Nos projets en, au Niger, au Tchad, au B\u00e9nin, Somalie ou encore au Togo ont tous pour but d\u2019am\u00e9liorer les conditions de vie des plus n\u00e9cessiteux.<\/p>\n","protected":false},"author":1,"featured_media":0,"parent":0,"menu_order":0,"comment_status":"closed","ping_status":"closed","template":"","meta":{"footnotes":""},"class_list":["post-170","page","type-page","status-publish","hentry"],"_links":{"self":[{"href":"https:\/\/salsabil.info\/fr\/wp-json\/wp\/v2\/pages\/170","targetHints":{"allow":["GET"]}}],"collection":[{"href":"https:\/\/salsabil.info\/fr\/wp-json\/wp\/v2\/pages"}],"about":[{"href":"https:\/\/salsabil.info\/fr\/wp-json\/wp\/v2\/types\/page"}],"author":[{"embeddable":true,"href":"https:\/\/salsabil.info\/fr\/wp-json\/wp\/v2\/users\/1"}],"replies":[{"embeddable":true,"href":"https:\/\/salsabil.info\/fr\/wp-json\/wp\/v2\/comments?post=170"}],"version-history":[{"count":13,"href":"https:\/\/salsabil.info\/fr\/wp-json\/wp\/v2\/pages\/170\/revisions"}],"predecessor-version":[{"id":2475,"href":"https:\/\/salsabil.info\/fr\/wp-json\/wp\/v2\/pages\/170\/revisions\/2475"}],"wp:attachment":[{"href":"https:\/\/salsabil.info\/fr\/wp-json\/wp\/v2\/media?parent=170"}],"curies":[{"name":"wp","href":"https:\/\/api.w.org\/{rel}","templated":true}]}}