{"id":173,"date":"2016-07-12T21:30:32","date_gmt":"2016-07-12T18:30:32","guid":{"rendered":"http:\/\/salsabil.info\/fr\/?page_id=173"},"modified":"2023-09-04T22:26:41","modified_gmt":"2023-09-04T19:26:41","slug":"asie","status":"publish","type":"page","link":"https:\/\/salsabil.info\/fr\/asie\/","title":{"rendered":"Asie"},"content":{"rendered":"<h2><strong><img loading=\"lazy\" decoding=\"async\" class=\"size-large wp-image-2459 alignleft\" src=\"https:\/\/salsabil.info\/fr\/wp-content\/uploads\/2023\/09\/Asie-1024x682.jpeg\" alt=\"\" width=\"540\" height=\"360\" srcset=\"https:\/\/salsabil.info\/fr\/wp-content\/uploads\/2023\/09\/Asie-1024x682.jpeg 1024w, https:\/\/salsabil.info\/fr\/wp-content\/uploads\/2023\/09\/Asie-300x200.jpeg 300w, https:\/\/salsabil.info\/fr\/wp-content\/uploads\/2023\/09\/Asie-768x512.jpeg 768w, https:\/\/salsabil.info\/fr\/wp-content\/uploads\/2023\/09\/Asie-360x240.jpeg 360w, https:\/\/salsabil.info\/fr\/wp-content\/uploads\/2023\/09\/Asie.jpeg 1073w\" sizes=\"auto, (max-width: 540px) 100vw, 540px\" \/>Asie<\/strong><\/h2>\n<p>L\u2019Association Salsabil s\u2019est engag\u00e9e pour le peuple Rohingya, minorit\u00e9 ethnique au Myanmar (Birmanie), victime de s\u00e9v\u00e8res r\u00e9pressions de la part du gouvernement.<\/p>\n<p>Les Rohingyas, habitants de la province d\u2019Arakan (Myanmar), vivent depuis des d\u00e9cennies tout en \u00e9tant priv\u00e9s de leurs droits les plus fondamentaux.<\/p>\n<p>Les autorit\u00e9s au pouvoir ont toujours refus\u00e9 de reconnaitre les Rohingyas en tant qu\u2019ethnie, leur interdisant m\u00eame le droit \u00e0 la citoyennet\u00e9 et de circuler librement \u00e0 l\u2019int\u00e9rieur du pays.<\/p>\n<p>Suite \u00e0 plusieurs \u00e9v\u00e9nements dramatiques dues aux r\u00e9pressions et violences parfois mortelles envers ce peuple, des camps de r\u00e9fugi\u00e9s ont \u00e9t\u00e9 mis en place afin d\u2019accueillir les Rohingyas. Cependant, ces camps ne constituent aucunement des espaces de vie durables. Les Rohingyas n\u2019ont ni acc\u00e8s aux aides sociales, ni aux soins, ni le droit \u00e0 l\u2019\u00e9ducation.<\/p>\n<p>Cela fait plusieurs ann\u00e9es que l\u2019Association Salsabil s\u2019efforce de venir en aide au peuple Rohingya.<\/p>\n<p>Ainsi, nous avons d\u00e9j\u00e0 pu nous rendre sur place et apporter notre soutien aux habitants de la province d\u2019Arakan lors d\u2019une mission humanitaire.<\/p>\n<p>\u00c0 l\u2019heure actuelle, nous continuons de suivre de pr\u00e8s la situation de la minorit\u00e9 de cette r\u00e9gion, en les approvisionnant tout d\u2019abord en aide m\u00e9dicale, alimentaire et via la distribution de v\u00eatements.<\/p>\n<p>En 2023 encore, la situation des Rohingya ne s\u2019est gu\u00e8re arrang\u00e9e, les oppressions continuent et les r\u00e9fugi\u00e9s vivent encore dans une situation tr\u00e8s difficile.<\/p>\n<p>L\u2019Association Salsabil fait tout son possible afin de sensibiliser au maximum en faveur de la cause Rohingya.<\/p>\n<p>Nous agissons aussi au Bangladesh, ou il y\u2019a aussi des camps de r\u00e9fugi\u00e9s Rohingyas qui vivent dans une situation tr\u00e8s difficile sans r\u00e9els moyens de subsistance.<\/p>\n<p>Nous avons \u00e9galement apport\u00e9 notre aide au Pakistan, avec en dernier projet l\u2019aide aux victimes des inondations en 2022 qui ont eu un impact sur des millions de personnes.<\/p>\n<p>Vous pouvez nous aider dans cette cause en faisant un don pour financer nos diff\u00e9rents projets dans ces r\u00e9gions.<\/p>\n<p>Vous pouvez nous contacter sur le num\u00e9ro WhatsApp indiqu\u00e9 dans la rubrique Contacts si vous souhaitez avoir plus d\u2019informations sur ce projet. Pour faire un don rendez-vous directement dans la rubrique \u201cFaire un don\u201d et choisissez le projet en question.<\/p>\n","protected":false},"excerpt":{"rendered":"<p>Asie L\u2019Association Salsabil s\u2019est engag\u00e9e pour le peuple Rohingya, minorit\u00e9 ethnique au Myanmar (Birmanie), victime de s\u00e9v\u00e8res r\u00e9pressions de la part du gouvernement. Les Rohingyas, habitants de la province d\u2019Arakan (Myanmar), vivent depuis des d\u00e9cennies tout en \u00e9tant priv\u00e9s de<\/p>\n","protected":false},"author":1,"featured_media":0,"parent":0,"menu_order":0,"comment_status":"closed","ping_status":"closed","template":"","meta":{"footnotes":""},"class_list":["post-173","page","type-page","status-publish","hentry"],"_links":{"self":[{"href":"https:\/\/salsabil.info\/fr\/wp-json\/wp\/v2\/pages\/173","targetHints":{"allow":["GET"]}}],"collection":[{"href":"https:\/\/salsabil.info\/fr\/wp-json\/wp\/v2\/pages"}],"about":[{"href":"https:\/\/salsabil.info\/fr\/wp-json\/wp\/v2\/types\/page"}],"author":[{"embeddable":true,"href":"https:\/\/salsabil.info\/fr\/wp-json\/wp\/v2\/users\/1"}],"replies":[{"embeddable":true,"href":"https:\/\/salsabil.info\/fr\/wp-json\/wp\/v2\/comments?post=173"}],"version-history":[{"count":13,"href":"https:\/\/salsabil.info\/fr\/wp-json\/wp\/v2\/pages\/173\/revisions"}],"predecessor-version":[{"id":2499,"href":"https:\/\/salsabil.info\/fr\/wp-json\/wp\/v2\/pages\/173\/revisions\/2499"}],"wp:attachment":[{"href":"https:\/\/salsabil.info\/fr\/wp-json\/wp\/v2\/media?parent=173"}],"curies":[{"name":"wp","href":"https:\/\/api.w.org\/{rel}","templated":true}]}}