{"id":215,"date":"2016-07-14T00:00:16","date_gmt":"2016-07-13T21:00:16","guid":{"rendered":"http:\/\/salsabil.info\/fr\/?page_id=215"},"modified":"2023-09-03T11:50:04","modified_gmt":"2023-09-03T08:50:04","slug":"kto-mi","status":"publish","type":"page","link":"https:\/\/salsabil.info\/fr\/kto-mi\/","title":{"rendered":"Qui sommes-nous ?"},"content":{"rendered":"<p><img loading=\"lazy\" decoding=\"async\" class=\"size-large wp-image-2490 alignleft\" src=\"https:\/\/salsabil.info\/fr\/wp-content\/uploads\/2023\/09\/Who-we-are-1024x1024.jpg\" alt=\"\" width=\"540\" height=\"540\" srcset=\"https:\/\/salsabil.info\/fr\/wp-content\/uploads\/2023\/09\/Who-we-are-1024x1024.jpg 1024w, https:\/\/salsabil.info\/fr\/wp-content\/uploads\/2023\/09\/Who-we-are-300x300.jpg 300w, https:\/\/salsabil.info\/fr\/wp-content\/uploads\/2023\/09\/Who-we-are-150x150.jpg 150w, https:\/\/salsabil.info\/fr\/wp-content\/uploads\/2023\/09\/Who-we-are-768x768.jpg 768w, https:\/\/salsabil.info\/fr\/wp-content\/uploads\/2023\/09\/Who-we-are-1536x1536.jpg 1536w, https:\/\/salsabil.info\/fr\/wp-content\/uploads\/2023\/09\/Who-we-are-270x270.jpg 270w, https:\/\/salsabil.info\/fr\/wp-content\/uploads\/2023\/09\/Who-we-are.jpg 1920w\" sizes=\"auto, (max-width: 540px) 100vw, 540px\" \/><\/p>\n<h2>Qui sommes-nous ?<\/h2>\n<p>L\u2019Association Salsabil est une organisation humanitaire internationale fond\u00e9e en 2013 par des habitants de France. Le si\u00e8ge de l\u2019Association se situe \u00e0 Strasbourg dans le d\u00e9partement du Bas-Rhin, r\u00e9gion Grand-Est.<\/p>\n<p>Notre domaine d\u2019activit\u00e9s est uniquement l\u2019humanitaire, et s\u2019\u00e9tend aussi bien sur le territoire fran\u00e7ais qu\u2019\u00e0 l\u2019\u00e9chelle internationale.<\/p>\n<p>Nos objectifs fondamentaux sont la lutte contre la faim, les p\u00e9nuries d\u2019eau potable et l\u2019analphab\u00e9tisation. Nous avons \u00e9galement \u00e0 c\u0153ur de soutenir les r\u00e9fugi\u00e9s de conflits du monde entier, afin de leur apporter un soutien moral et financier.<\/p>\n<p>L\u2019Association Salsabil met en place une multitude de projets humanitaires tels que la construction de puits d\u2019eau, de centres socioculturels et de salles de classes. Nous organisons \u00e9galement des distributions alimentaires et de mat\u00e9riel m\u00e9dical ainsi que le parrainage d\u2019orphelins.<\/p>\n<p>Tout le personnel de l\u2019Association Salsabil est r\u00e9sident de la ville de Strasbourg et chaque membre coordonne un projet humanitaire dont il a la charge.<\/p>\n<p>Nous mettons en place et ex\u00e9cutons simultan\u00e9ment des missions humanitaires dans des pays du monde entier.<\/p>\n<p>En dix ans d\u2019activit\u00e9s, nos projets de diff\u00e9rentes natures ont aid\u00e9 1 500 000 n\u00e9cessiteux.<\/p>\n<p>Nous avons distribu\u00e9 des centaines de milliers de colis alimentaires, et construit plus de 4 000 puits \u00e0 pompes manuelles de longue dur\u00e9e.<\/p>\n<p>Les r\u00e9sultats de nos projets sont r\u00e9guli\u00e8rement publi\u00e9s sur notre site et nos r\u00e9seaux sociaux, avec des vid\u00e9os et des photos.<\/p>\n<p>Nous nous rendons r\u00e9guli\u00e8rement sur place pour la r\u00e9alisation et l\u2019encadrement de nos projets. Nous avons \u00e9galement des partenaires fiables de longues dates dans chaque pays o\u00f9 nous intervenons afin d\u2019assurer la r\u00e9alisation de chaque projet avec succ\u00e8s.<\/p>\n<p>Toutes questions relatives \u00e0 nos activit\u00e9s, sont syst\u00e9matiquement \u00e9tudi\u00e9es par les dirigeants de l\u2019Association Salsabil.<\/p>\n<p>Nos agents b\u00e9n\u00e9voles ne poss\u00e8dent pas le statut d\u2019employ\u00e9s de l\u2019Association Salsabil, mais un contrat temporaire conclu selon notre r\u00e8glement int\u00e9rieur, s\u2019appuyant sur l\u2019organisation du travail et des t\u00e2ches r\u00e9partis avec ces derniers.<\/p>\n<p>Le site web de l\u2019Association Salsabil et ses publications sont la propri\u00e9t\u00e9 exclusive de l\u2019Association Salsabil. Toute copie et\/ou distribution de mat\u00e9riaux de notre site (photos, vid\u00e9os, annonces, projets, rapports de projets, publications et nouvelles\u2026etc ) ne sont autoris\u00e9s qu\u2019en tant que r\u00e9f\u00e9rence explicite sur le site web de notre association.<\/p>\n<p>&nbsp;<\/p>\n<p>&nbsp;<\/p>\n","protected":false},"excerpt":{"rendered":"<p>Qui sommes-nous ? L\u2019Association Salsabil est une organisation humanitaire internationale fond\u00e9e en 2013 par des habitants de France. Le si\u00e8ge de l\u2019Association se situe \u00e0 Strasbourg dans le d\u00e9partement du Bas-Rhin, r\u00e9gion Grand-Est. Notre domaine d\u2019activit\u00e9s est uniquement l\u2019humanitaire, et<\/p>\n","protected":false},"author":1,"featured_media":0,"parent":0,"menu_order":0,"comment_status":"closed","ping_status":"closed","template":"","meta":{"footnotes":""},"class_list":["post-215","page","type-page","status-publish","hentry"],"_links":{"self":[{"href":"https:\/\/salsabil.info\/fr\/wp-json\/wp\/v2\/pages\/215","targetHints":{"allow":["GET"]}}],"collection":[{"href":"https:\/\/salsabil.info\/fr\/wp-json\/wp\/v2\/pages"}],"about":[{"href":"https:\/\/salsabil.info\/fr\/wp-json\/wp\/v2\/types\/page"}],"author":[{"embeddable":true,"href":"https:\/\/salsabil.info\/fr\/wp-json\/wp\/v2\/users\/1"}],"replies":[{"embeddable":true,"href":"https:\/\/salsabil.info\/fr\/wp-json\/wp\/v2\/comments?post=215"}],"version-history":[{"count":17,"href":"https:\/\/salsabil.info\/fr\/wp-json\/wp\/v2\/pages\/215\/revisions"}],"predecessor-version":[{"id":2491,"href":"https:\/\/salsabil.info\/fr\/wp-json\/wp\/v2\/pages\/215\/revisions\/2491"}],"wp:attachment":[{"href":"https:\/\/salsabil.info\/fr\/wp-json\/wp\/v2\/media?parent=215"}],"curies":[{"name":"wp","href":"https:\/\/api.w.org\/{rel}","templated":true}]}}