{"id":2442,"date":"2023-08-18T21:06:03","date_gmt":"2023-08-18T18:06:03","guid":{"rendered":"https:\/\/salsabil.info\/fr\/?page_id=2442"},"modified":"2023-09-03T11:42:25","modified_gmt":"2023-09-03T08:42:25","slug":"fonds-d-urgence","status":"publish","type":"page","link":"https:\/\/salsabil.info\/fr\/fonds-d-urgence\/","title":{"rendered":"Fonds d\u2019urgence"},"content":{"rendered":"<h2><\/h2>\n<h2><img loading=\"lazy\" decoding=\"async\" class=\"size-large wp-image-2480 alignleft\" src=\"https:\/\/salsabil.info\/fr\/wp-content\/uploads\/2023\/09\/Emergency-fund-1024x682.jpg\" alt=\"\" width=\"540\" height=\"360\" srcset=\"https:\/\/salsabil.info\/fr\/wp-content\/uploads\/2023\/09\/Emergency-fund-1024x682.jpg 1024w, https:\/\/salsabil.info\/fr\/wp-content\/uploads\/2023\/09\/Emergency-fund-300x200.jpg 300w, https:\/\/salsabil.info\/fr\/wp-content\/uploads\/2023\/09\/Emergency-fund-768x512.jpg 768w, https:\/\/salsabil.info\/fr\/wp-content\/uploads\/2023\/09\/Emergency-fund-360x240.jpg 360w, https:\/\/salsabil.info\/fr\/wp-content\/uploads\/2023\/09\/Emergency-fund.jpg 1280w\" sizes=\"auto, (max-width: 540px) 100vw, 540px\" \/>Fonds d\u2019urgence<\/h2>\n<p>Lorsque survient une catastrophe, l&rsquo;Association Salsabil se mobilise pour apporter son aide aux populations les plus vuln\u00e9rables et les aider \u00e0 se relever.<\/p>\n<p>Aujourd\u2019hui encore, beaucoup de peuples sont victimes de catastrophes et de crises humanitaires, avec notamment des conflits et des oppressions, parfois tr\u00e8s violents. Les victimes et r\u00e9fugi\u00e9s de ces conflits se retrouvent dans des situations extr\u00eamement difficiles, tr\u00e8s souvent d\u00e9pourvus de moyens de vivre et de subvenir \u00e0 leurs besoins vitaux.<\/p>\n<p>Les r\u00e9fugi\u00e9s de ces crises humanitaires, notamment du Y\u00e9men, de Palestine, ou encore de Syrie, sont parmi les plus touch\u00e9s et parmi les plus d\u00e9pourvus de moyens de subsistance.<\/p>\n<p>L\u2019Association Salsabil, agit \u00e0 son \u00e9chelle pour all\u00e9ger les difficult\u00e9s de ces peuples victimes de catastrophes et de conflits, en leur fournissant du mieux que nous pouvons, une aide humanitaire pour subvenir \u00e0 leurs besoins vitaux. Nous organisons de nombreux projets humanitaires pour les opprim\u00e9s, en distribuant de la nourriture, de l\u2019eau, en fournissant des abris d\u2019urgence, du mat\u00e9riel m\u00e9dical, en prenant en charge les orphelins, entre autres.<\/p>\n<p>\u00c0 mesure que les communaut\u00e9s plongent plus profond\u00e9ment dans la pauvret\u00e9 et que le contr\u00f4le de la violence et des maladies devient plus ardu, de nombreuses crises \u00e0 travers le monde demeurent n\u00e9glig\u00e9es et sous-financ\u00e9es.<\/p>\n<p>Chaque semaine, les communaut\u00e9s du globe sont confront\u00e9es \u00e0 de nouvelles crises, dont la plupart ne font pas la une des m\u00e9dias. C&rsquo;est pourquoi notre fonds d&rsquo;urgence rev\u00eat une importance capitale, en nous permettant d&rsquo;agir rapidement aupr\u00e8s des communaut\u00e9s les plus n\u00e9cessiteuses.<\/p>\n<p>Nous sommes \u00e9galement pr\u00e9sents lorsque des familles se retrouvent prises au pi\u00e8ge en plein conflit ou que des catastrophes naturelles surviennent. Notre intervention est prompte et cibl\u00e9e, visant \u00e0 apporter une aide o\u00f9 elle est le plus n\u00e9cessaire et ce, au bon moment. Notre r\u00e9ponse ne se limite pas aux crises m\u00e9diatis\u00e9es ; nos \u00e9quipes locales soutiennent les communaut\u00e9s \u00e0 chaque fois qu&rsquo;elles sont touch\u00e9es par la faim, la s\u00e9cheresse, les inondations, les d\u00e9placements et d&rsquo;autres situations d&rsquo;urgence localis\u00e9es. C&rsquo;est ainsi que notre fonds d&rsquo;urgence sauve des vies.<\/p>\n<p>Contribuer \u00e0 notre fonds d&rsquo;urgence, c&rsquo;est garantir que lorsque survient une catastrophe, nous puissions intervenir imm\u00e9diatement en fournissant aux survivants de l&rsquo;eau, de la nourriture et des abris d&rsquo;urgence entre autres.<\/p>\n<p>Malheureusement, bon nombre de crises ne prennent pas fin aussi rapidement qu&rsquo;elles ont d\u00e9but\u00e9, c&rsquo;est pourquoi nous poursuivons r\u00e9guli\u00e8rement notre action dans les zones les plus affect\u00e9es.<\/p>\n<p>Le monde affronte une crise d&rsquo;une ampleur sans pr\u00e9c\u00e9dent. Contribuez \u00e0 changer cette r\u00e9alit\u00e9 en soutenant les individus dans leurs moments de grande fragilit\u00e9. Faites un don \u00e0 notre Fonds d&rsquo;urgence et participez avec nous \u00e0 nos actions pour sauver et faciliter la vie aux r\u00e9fugi\u00e9s qui sont victimes de ces situations d\u2019urgence.<\/p>\n<p>Nous r\u00e9partirons vos dons l\u00e0 o\u00f9 la situation le requiert le plus sur le moment.<\/p>\n","protected":false},"excerpt":{"rendered":"<p>Fonds d\u2019urgence Lorsque survient une catastrophe, l&rsquo;Association Salsabil se mobilise pour apporter son aide aux populations les plus vuln\u00e9rables et les aider \u00e0 se relever. Aujourd\u2019hui encore, beaucoup de peuples sont victimes de catastrophes et de crises humanitaires, avec notamment<\/p>\n","protected":false},"author":1,"featured_media":0,"parent":0,"menu_order":0,"comment_status":"closed","ping_status":"closed","template":"","meta":{"footnotes":""},"class_list":["post-2442","page","type-page","status-publish","hentry"],"_links":{"self":[{"href":"https:\/\/salsabil.info\/fr\/wp-json\/wp\/v2\/pages\/2442","targetHints":{"allow":["GET"]}}],"collection":[{"href":"https:\/\/salsabil.info\/fr\/wp-json\/wp\/v2\/pages"}],"about":[{"href":"https:\/\/salsabil.info\/fr\/wp-json\/wp\/v2\/types\/page"}],"author":[{"embeddable":true,"href":"https:\/\/salsabil.info\/fr\/wp-json\/wp\/v2\/users\/1"}],"replies":[{"embeddable":true,"href":"https:\/\/salsabil.info\/fr\/wp-json\/wp\/v2\/comments?post=2442"}],"version-history":[{"count":2,"href":"https:\/\/salsabil.info\/fr\/wp-json\/wp\/v2\/pages\/2442\/revisions"}],"predecessor-version":[{"id":2481,"href":"https:\/\/salsabil.info\/fr\/wp-json\/wp\/v2\/pages\/2442\/revisions\/2481"}],"wp:attachment":[{"href":"https:\/\/salsabil.info\/fr\/wp-json\/wp\/v2\/media?parent=2442"}],"curies":[{"name":"wp","href":"https:\/\/api.w.org\/{rel}","templated":true}]}}