{"id":2470,"date":"2023-09-03T11:33:48","date_gmt":"2023-09-03T08:33:48","guid":{"rendered":"https:\/\/salsabil.info\/fr\/?page_id=2470"},"modified":"2024-01-17T16:44:12","modified_gmt":"2024-01-17T13:44:12","slug":"offrez-un-repas-aux-necessiteux","status":"publish","type":"page","link":"https:\/\/salsabil.info\/fr\/offrez-un-repas-aux-necessiteux\/","title":{"rendered":"Offrez un repas aux n\u00e9cessiteux"},"content":{"rendered":"<h2><strong><img loading=\"lazy\" decoding=\"async\" class=\"wp-image-2652 alignleft\" src=\"https:\/\/salsabil.info\/fr\/wp-content\/uploads\/2024\/01\/Donate-a-meal.jpg\" alt=\"\" width=\"534\" height=\"314\" srcset=\"https:\/\/salsabil.info\/fr\/wp-content\/uploads\/2024\/01\/Donate-a-meal.jpg 768w, https:\/\/salsabil.info\/fr\/wp-content\/uploads\/2024\/01\/Donate-a-meal-300x176.jpg 300w\" sizes=\"auto, (max-width: 534px) 100vw, 534px\" \/>Offrez un repas aux n\u00e9cessiteux<\/strong><\/h2>\n<p>L\u2019Association Salsabil r\u00e9alise de nombreux projets alimentaires dans de nombreux pays d\u2019Afrique, d\u2019Asie, Moyen-Orient, Cause entre autres.<\/p>\n<p>Le projet \u201cOffre un repas aux n\u00e9cessiteux\u201d permet aux n\u00e9cessiteux de b\u00e9n\u00e9ficier d\u2019un repas complet d\u00e9j\u00e0 pr\u00e9par\u00e9, distribu\u00e9 lors de diff\u00e9rents \u00e9v\u00e8nements et festivit\u00e9s.<\/p>\n<p>Gr\u00e2ce \u00e0 ce projet mis en place et encadr\u00e9 par l\u2019association vous pouvez nourrir d\u00e9cemment un n\u00e9cessiteux.<\/p>\n<p>Des milliers de repas ont \u00e9t\u00e9 distribu\u00e9s par l\u2019Association lors de diff\u00e9rents \u00e9v\u00e8nements, gr\u00e2ce \u00e0 vos dons.<\/p>\n<p>Le co\u00fbt d\u2019un repas entier est de 5 euros.<\/p>\n<p>Participez avec nous \u00e0 ce projet en faisant un don pour offrir un ou plusieurs repas. Toute aide et quel que soit le montant, peut-\u00eatre une grande aide pour les personnes en difficult\u00e9s qui n\u2019ont pas de quoi se nourrir convenablement.<\/p>\n<p>Vous pouvez nous contacter sur le num\u00e9ro WhatsApp indiqu\u00e9 dans la rubrique Contacts si vous souhaitez avoir plus d\u2019informations sur ce projet. Pour faire un don rendez-vous directement dans la rubrique \u201cFaire un don\u201d et choisissez le projet en question.<\/p>\n<p>&nbsp;<\/p>\n<p>&nbsp;<\/p>\n","protected":false},"excerpt":{"rendered":"<p>Offrez un repas aux n\u00e9cessiteux L\u2019Association Salsabil r\u00e9alise de nombreux projets alimentaires dans de nombreux pays d\u2019Afrique, d\u2019Asie, Moyen-Orient, Cause entre autres. Le projet \u201cOffre un repas aux n\u00e9cessiteux\u201d permet aux n\u00e9cessiteux de b\u00e9n\u00e9ficier d\u2019un repas complet d\u00e9j\u00e0 pr\u00e9par\u00e9, distribu\u00e9<\/p>\n","protected":false},"author":1,"featured_media":0,"parent":0,"menu_order":0,"comment_status":"closed","ping_status":"closed","template":"","meta":{"footnotes":""},"class_list":["post-2470","page","type-page","status-publish","hentry"],"_links":{"self":[{"href":"https:\/\/salsabil.info\/fr\/wp-json\/wp\/v2\/pages\/2470","targetHints":{"allow":["GET"]}}],"collection":[{"href":"https:\/\/salsabil.info\/fr\/wp-json\/wp\/v2\/pages"}],"about":[{"href":"https:\/\/salsabil.info\/fr\/wp-json\/wp\/v2\/types\/page"}],"author":[{"embeddable":true,"href":"https:\/\/salsabil.info\/fr\/wp-json\/wp\/v2\/users\/1"}],"replies":[{"embeddable":true,"href":"https:\/\/salsabil.info\/fr\/wp-json\/wp\/v2\/comments?post=2470"}],"version-history":[{"count":5,"href":"https:\/\/salsabil.info\/fr\/wp-json\/wp\/v2\/pages\/2470\/revisions"}],"predecessor-version":[{"id":2655,"href":"https:\/\/salsabil.info\/fr\/wp-json\/wp\/v2\/pages\/2470\/revisions\/2655"}],"wp:attachment":[{"href":"https:\/\/salsabil.info\/fr\/wp-json\/wp\/v2\/media?parent=2470"}],"curies":[{"name":"wp","href":"https:\/\/api.w.org\/{rel}","templated":true}]}}