{"id":250,"date":"2016-07-14T20:45:17","date_gmt":"2016-07-14T17:45:17","guid":{"rendered":"http:\/\/salsabil.info\/fr\/?page_id=250"},"modified":"2024-05-29T20:05:07","modified_gmt":"2024-05-29T17:05:07","slug":"offrez-un-mouton-aux-necessiteux","status":"publish","type":"page","link":"https:\/\/salsabil.info\/fr\/offrez-un-mouton-aux-necessiteux\/","title":{"rendered":"Offrez un mouton aux n\u00e9cessiteux"},"content":{"rendered":"<h2><strong><img loading=\"lazy\" decoding=\"async\" class=\"size-large wp-image-2482 alignleft\" src=\"https:\/\/salsabil.info\/fr\/wp-content\/uploads\/2023\/09\/Donate-a-lamb-to-the-needy-1024x586.jpg\" alt=\"\" width=\"540\" height=\"309\" srcset=\"https:\/\/salsabil.info\/fr\/wp-content\/uploads\/2023\/09\/Donate-a-lamb-to-the-needy-1024x586.jpg 1024w, https:\/\/salsabil.info\/fr\/wp-content\/uploads\/2023\/09\/Donate-a-lamb-to-the-needy-300x172.jpg 300w, https:\/\/salsabil.info\/fr\/wp-content\/uploads\/2023\/09\/Donate-a-lamb-to-the-needy-768x439.jpg 768w, https:\/\/salsabil.info\/fr\/wp-content\/uploads\/2023\/09\/Donate-a-lamb-to-the-needy.jpg 1280w\" sizes=\"auto, (max-width: 540px) 100vw, 540px\" \/>Offrez un mouton aux n\u00e9cessiteux<\/strong><\/h2>\n<p>L\u2019association Salsabil r\u00e9alise de nombreux projets de distribution de viande dans les nombreux pays o\u00f9 nous intervenons.<\/p>\n<p>De nombreux n\u00e9cessiteux n\u2019ont pas les moyens de manger de la viande, certains ne peuvent se permettre de la viande qu\u2019une fois par an, gr\u00e2ce \u00e0 vos dons effectu\u00e9s lors de diff\u00e9rents \u00e9v\u00e8nements.<\/p>\n<p>Avec le projet \u201cOffrez un mouton\u201d vous pouvez faire un don pour financer l\u2019achat d\u2019un mouton entier pour c\u00e9l\u00e9brer la naissance de votre enfant, dont la viande sera distribu\u00e9e \u00e0 plusieurs familles. Nous nous chargerons de distribuer cette viande \u00e9quitablement aux n\u00e9cessiteux dans l\u2019une des r\u00e9gions de notre activit\u00e9.<\/p>\n<p>Le co\u00fbt d\u2019un animal est de 150 euros.<\/p>\n<p>Vous pouvez nous contacter sur le num\u00e9ro WhatsApp indiqu\u00e9 dans la rubrique Contacts si vous souhaitez avoir plus d\u2019informations sur ce projet. Pour faire un don rendez-vous directement dans la rubrique \u201cFaire un don\u201d et choisissez le projet en question.<\/p>\n<p>&nbsp;<\/p>\n<p>&nbsp;<\/p>\n<p>&nbsp;<\/p>\n","protected":false},"excerpt":{"rendered":"<p>Offrez un mouton aux n\u00e9cessiteux L\u2019association Salsabil r\u00e9alise de nombreux projets de distribution de viande dans les nombreux pays o\u00f9 nous intervenons. De nombreux n\u00e9cessiteux n\u2019ont pas les moyens de manger de la viande, certains ne peuvent se permettre de<\/p>\n","protected":false},"author":1,"featured_media":0,"parent":0,"menu_order":0,"comment_status":"closed","ping_status":"closed","template":"","meta":{"footnotes":""},"class_list":["post-250","page","type-page","status-publish","hentry"],"_links":{"self":[{"href":"https:\/\/salsabil.info\/fr\/wp-json\/wp\/v2\/pages\/250","targetHints":{"allow":["GET"]}}],"collection":[{"href":"https:\/\/salsabil.info\/fr\/wp-json\/wp\/v2\/pages"}],"about":[{"href":"https:\/\/salsabil.info\/fr\/wp-json\/wp\/v2\/types\/page"}],"author":[{"embeddable":true,"href":"https:\/\/salsabil.info\/fr\/wp-json\/wp\/v2\/users\/1"}],"replies":[{"embeddable":true,"href":"https:\/\/salsabil.info\/fr\/wp-json\/wp\/v2\/comments?post=250"}],"version-history":[{"count":8,"href":"https:\/\/salsabil.info\/fr\/wp-json\/wp\/v2\/pages\/250\/revisions"}],"predecessor-version":[{"id":2747,"href":"https:\/\/salsabil.info\/fr\/wp-json\/wp\/v2\/pages\/250\/revisions\/2747"}],"wp:attachment":[{"href":"https:\/\/salsabil.info\/fr\/wp-json\/wp\/v2\/media?parent=250"}],"curies":[{"name":"wp","href":"https:\/\/api.w.org\/{rel}","templated":true}]}}