{"id":976,"date":"2017-09-13T19:12:03","date_gmt":"2017-09-13T16:12:03","guid":{"rendered":"https:\/\/salsabil.info\/fr\/?page_id=976"},"modified":"2024-06-11T18:56:19","modified_gmt":"2024-06-11T15:56:19","slug":"aide-financiere-aux-necessiteux","status":"publish","type":"page","link":"https:\/\/salsabil.info\/fr\/aide-financiere-aux-necessiteux\/","title":{"rendered":"Aide financi\u00e8re aux n\u00e9cessiteux"},"content":{"rendered":"<h2><strong><img loading=\"lazy\" decoding=\"async\" class=\"size-large wp-image-2476 alignleft\" src=\"https:\/\/salsabil.info\/fr\/wp-content\/uploads\/2023\/09\/Financial-assistance-to-the-needy-1024x683.jpg\" alt=\"\" width=\"540\" height=\"360\" srcset=\"https:\/\/salsabil.info\/fr\/wp-content\/uploads\/2023\/09\/Financial-assistance-to-the-needy-1024x683.jpg 1024w, https:\/\/salsabil.info\/fr\/wp-content\/uploads\/2023\/09\/Financial-assistance-to-the-needy-300x200.jpg 300w, https:\/\/salsabil.info\/fr\/wp-content\/uploads\/2023\/09\/Financial-assistance-to-the-needy-768x512.jpg 768w, https:\/\/salsabil.info\/fr\/wp-content\/uploads\/2023\/09\/Financial-assistance-to-the-needy-1536x1024.jpg 1536w, https:\/\/salsabil.info\/fr\/wp-content\/uploads\/2023\/09\/Financial-assistance-to-the-needy-2048x1365.jpg 2048w, https:\/\/salsabil.info\/fr\/wp-content\/uploads\/2023\/09\/Financial-assistance-to-the-needy-360x240.jpg 360w\" sizes=\"auto, (max-width: 540px) 100vw, 540px\" \/>Aide financi\u00e8re aux n\u00e9cessiteux<\/strong><\/h2>\n<p>Avec le projet \u201cAide financi\u00e8re aux n\u00e9cessiteux\u201d, vous avez la possibilit\u00e9 de faire don d\u2019une partie de votre richesse que nous r\u00e9partirons parmi les huit cat\u00e9gories des n\u00e9cessiteux que nous avons la responsabilit\u00e9 d\u2019aider.<\/p>\n<p>Nous distribuerons cette aide financi\u00e8re dans les pays o\u00f9 nous intervenons.<\/p>\n<p>Voici quelques-unes des cat\u00e9gories qui percevront cette aide financi\u00e8re, :<\/p>\n<ul>\n<li><strong>Les indigents <\/strong>: Ce sont ceux qui ne trouvent rien pour vivre et ne peuvent chercher cette subsistance eux-m\u00eames, ou n\u2019en trouvent qu\u2019une partie mais insuffisante.<\/li>\n<li><strong>Les pauvres :<\/strong> Leur condition est meilleure que celle des indigents, le pauvre est celui qui trouve presque suffisamment de quoi vivre ou la moiti\u00e9.<\/li>\n<li><strong>Les n\u00e9cessiteux lourdement endett\u00e9s <\/strong>qui n\u2019ont ainsi pas les moyens de subvenir \u00e0 leurs besoins vitaux et ceux de leurs familles.<\/li>\n<li>\u2026<\/li>\n<\/ul>\n<p>En r\u00e9sum\u00e9, pourront b\u00e9n\u00e9ficier de cette aide financi\u00e8re les orphelins, les familles pauvres qui n\u2019ont pas de moyens de subsistance, les malades qui ne peuvent pas travailler, les m\u00e8res \u00e9levant leurs enfants seules, etc.<\/p>\n<p>Bien-s\u00fbr, cette liste n\u2019est pas exhaustive, et l\u2019Association Salsabil r\u00e9partira de mani\u00e8re juste vos dons pour ce projet. Nous nous r\u00e9servons de d\u00e9finir nous-m\u00eame le choix du pays et la cat\u00e9gorie des n\u00e9cessiteux qui b\u00e9n\u00e9ficieront de cette aide, selon la situation du moment et en fonction des projets que nous avons d\u00e9j\u00e0 r\u00e9alis\u00e9s afin que la r\u00e9partition de ces dons soit faite de la mani\u00e8re la plus juste.<\/p>\n<p>Vous pouvez nous contacter sur le num\u00e9ro WhatsApp indiqu\u00e9 dans la rubrique Contacts si vous souhaitez avoir plus d\u2019informations sur ce projet et si vous souhaitez r\u00e9aliser le don.<\/p>\n<h2>Pour calculer le montant du Zakat Al Maal, utilisez le calculateur situ\u00e9 ci-dessous :<\/h2>\n<p>[stm-calc id=\u00a0\u00bb2978&Prime;]<\/p>\n","protected":false},"excerpt":{"rendered":"<p>Aide financi\u00e8re aux n\u00e9cessiteux Avec le projet \u201cAide financi\u00e8re aux n\u00e9cessiteux\u201d, vous avez la possibilit\u00e9 de faire don d\u2019une partie de votre richesse que nous r\u00e9partirons parmi les huit cat\u00e9gories des n\u00e9cessiteux que nous avons la responsabilit\u00e9 d\u2019aider. Nous distribuerons<\/p>\n","protected":false},"author":1,"featured_media":0,"parent":0,"menu_order":0,"comment_status":"closed","ping_status":"closed","template":"","meta":{"footnotes":""},"class_list":["post-976","page","type-page","status-publish","hentry"],"_links":{"self":[{"href":"https:\/\/salsabil.info\/fr\/wp-json\/wp\/v2\/pages\/976","targetHints":{"allow":["GET"]}}],"collection":[{"href":"https:\/\/salsabil.info\/fr\/wp-json\/wp\/v2\/pages"}],"about":[{"href":"https:\/\/salsabil.info\/fr\/wp-json\/wp\/v2\/types\/page"}],"author":[{"embeddable":true,"href":"https:\/\/salsabil.info\/fr\/wp-json\/wp\/v2\/users\/1"}],"replies":[{"embeddable":true,"href":"https:\/\/salsabil.info\/fr\/wp-json\/wp\/v2\/comments?post=976"}],"version-history":[{"count":6,"href":"https:\/\/salsabil.info\/fr\/wp-json\/wp\/v2\/pages\/976\/revisions"}],"predecessor-version":[{"id":2980,"href":"https:\/\/salsabil.info\/fr\/wp-json\/wp\/v2\/pages\/976\/revisions\/2980"}],"wp:attachment":[{"href":"https:\/\/salsabil.info\/fr\/wp-json\/wp\/v2\/media?parent=976"}],"curies":[{"name":"wp","href":"https:\/\/api.w.org\/{rel}","templated":true}]}}