{"id":978,"date":"2017-09-13T19:14:00","date_gmt":"2017-09-13T16:14:00","guid":{"rendered":"https:\/\/salsabil.info\/fr\/?page_id=978"},"modified":"2025-05-15T09:14:33","modified_gmt":"2025-05-15T06:14:33","slug":"centres-socioculturels","status":"publish","type":"page","link":"https:\/\/salsabil.info\/fr\/centres-socioculturels\/","title":{"rendered":"Centres socioculturels"},"content":{"rendered":"<h2><strong><img loading=\"lazy\" decoding=\"async\" class=\"size-full wp-image-1934 alignleft\" src=\"https:\/\/salsabil.info\/fr\/wp-content\/uploads\/2021\/04\/Bez-imeni-2-3.jpg\" alt=\"\" width=\"450\" height=\"300\" srcset=\"https:\/\/salsabil.info\/fr\/wp-content\/uploads\/2021\/04\/Bez-imeni-2-3.jpg 450w, https:\/\/salsabil.info\/fr\/wp-content\/uploads\/2021\/04\/Bez-imeni-2-3-300x200.jpg 300w, https:\/\/salsabil.info\/fr\/wp-content\/uploads\/2021\/04\/Bez-imeni-2-3-360x240.jpg 360w\" sizes=\"auto, (max-width: 450px) 100vw, 450px\" \/>Centres socioculturels<\/strong><\/h2>\n<p>Les centres socioculturels jouent un r\u00f4le essentiel pour le peuple en offrant un espace o\u00f9 les individus de tous \u00e2ges et milieux peuvent se rassembler, se recueillir, m\u00e9diter, prier, apprendre, et s&rsquo;engager. Ces centres sont bien plus que de simples structures physiques ; ils incarnent des valeurs fondamentales qui enrichissent la vie sociale et culturelle de leurs membres.<\/p>\n<p>Les centres socioculturels favorisent l&rsquo;inclusion et la coh\u00e9sion sociale. Ils cr\u00e9ent un environnement accueillant o\u00f9 les gens se sentent accept\u00e9s et respect\u00e9s, ind\u00e9pendamment de leurs origines, de leur statut socio\u00e9conomique ou de leur \u00e2ge.<\/p>\n<p>Un autre aspect crucial est le r\u00f4le des centres socioculturels dans la pr\u00e9servation et la promotion de l\u2019exercice cultuel. Ils permettent et encouragent la c\u00e9l\u00e9bration des f\u00eates cultuelles et d&rsquo;autres \u00e9v\u00e8nements.<\/p>\n<p>De plus, ces centres sont des moteurs d&rsquo;apprentissage et de d\u00e9veloppement personnel. Ils offrent des ateliers, des cours qui permettent aux individus de se d\u00e9velopper spirituellement, d&rsquo;acqu\u00e9rir de nouvelles comp\u00e9tences, d\u2019apprendre la science, des langues entre autres. Les enfants et les jeunes y trouvent un espace pour d\u00e9velopper leur curiosit\u00e9 et leur potentiel, tandis que les adultes ont l&rsquo;occasion de poursuivre leur \u00e9ducation de mani\u00e8re informelle et continue. Par ailleurs, les centres socioculturels sont des espaces de dialogue et d&rsquo;engagement citoyen. Ils organisent des s\u00e9minaires, des conf\u00e9rences et des activit\u00e9s de sensibilisation sur des sujets d&rsquo;int\u00e9r\u00eat public tels que l&rsquo;\u00e9ducation, la sant\u00e9 et la justice sociale.<\/p>\n<p>Enfin, les centres socioculturels renforcent le bien-\u00eatre individuel et collectif. En offrant un lieu de d\u00e9tente, de partage, de festivit\u00e9s culturelles, ils r\u00e9duisent le stress et l&rsquo;isolement social, am\u00e9liorant ainsi la qualit\u00e9 de vie des membres de la communaut\u00e9. Les liens sociaux tiss\u00e9s au sein de ces centres fournissent \u00e9galement un r\u00e9seau de soutien \u00e9motionnel et pratique, en particulier dans les moments de difficult\u00e9.<\/p>\n<p>En somme, les centres socioculturels sont bien plus que des b\u00e2timents physiques, ils sont des piliers de la vie communautaire et cultuelle. Leur impact s&rsquo;\u00e9tend au-del\u00e0 de l&rsquo;\u00e9ducation formelle et de la culture, en englobant des dimensions telles que l&rsquo;inclusion sociale, l\u2019unit\u00e9, la solidarit\u00e9, l&rsquo;engagement citoyen et le bien-\u00eatre. En investissant dans ces espaces, les soci\u00e9t\u00e9s investissent dans le renforcement du tissu social et dans la cr\u00e9ation d&rsquo;un environnement propice \u00e0 la croissance personnelle et collective.<\/p>\n<p>Malheureusement, ces centres socioculturels sont manquants dans de nombreuses r\u00e9gions en difficult\u00e9s. Nous construisons depuis plus de dix ans ces centres, au B\u00e9nin, Niger, au Togo, et au Tchad.<\/p>\n<p>En faisant un don partiel ou int\u00e9gral pour la construction d\u2019un centre socioculturel vous participez au d\u00e9veloppement social et cultuel d\u2019un peuple.<\/p>\n<p>Vous pouvez avoir plus d\u2019informations sur la r\u00e9alisation de ce projet, sur les co\u00fbts de construction, en nous appelant ou nous \u00e9crivant sur le num\u00e9ro WhatsApp dans la rubrique Contacts.<\/p>\n","protected":false},"excerpt":{"rendered":"<p>Centres socioculturels Les centres socioculturels jouent un r\u00f4le essentiel pour le peuple en offrant un espace o\u00f9 les individus de tous \u00e2ges et milieux peuvent se rassembler, se recueillir, m\u00e9diter, prier, apprendre, et s&rsquo;engager. Ces centres sont bien plus que<\/p>\n","protected":false},"author":1,"featured_media":0,"parent":0,"menu_order":0,"comment_status":"closed","ping_status":"closed","template":"","meta":{"footnotes":""},"class_list":["post-978","page","type-page","status-publish","hentry"],"_links":{"self":[{"href":"https:\/\/salsabil.info\/fr\/wp-json\/wp\/v2\/pages\/978","targetHints":{"allow":["GET"]}}],"collection":[{"href":"https:\/\/salsabil.info\/fr\/wp-json\/wp\/v2\/pages"}],"about":[{"href":"https:\/\/salsabil.info\/fr\/wp-json\/wp\/v2\/types\/page"}],"author":[{"embeddable":true,"href":"https:\/\/salsabil.info\/fr\/wp-json\/wp\/v2\/users\/1"}],"replies":[{"embeddable":true,"href":"https:\/\/salsabil.info\/fr\/wp-json\/wp\/v2\/comments?post=978"}],"version-history":[{"count":14,"href":"https:\/\/salsabil.info\/fr\/wp-json\/wp\/v2\/pages\/978\/revisions"}],"predecessor-version":[{"id":3071,"href":"https:\/\/salsabil.info\/fr\/wp-json\/wp\/v2\/pages\/978\/revisions\/3071"}],"wp:attachment":[{"href":"https:\/\/salsabil.info\/fr\/wp-json\/wp\/v2\/media?parent=978"}],"curies":[{"name":"wp","href":"https:\/\/api.w.org\/{rel}","templated":true}]}}