{"id":980,"date":"2017-09-13T19:15:51","date_gmt":"2017-09-13T16:15:51","guid":{"rendered":"https:\/\/salsabil.info\/fr\/?page_id=980"},"modified":"2023-11-20T14:12:01","modified_gmt":"2023-11-20T11:12:01","slug":"refugies-tchetchenes","status":"publish","type":"page","link":"https:\/\/salsabil.info\/fr\/refugies-tchetchenes\/","title":{"rendered":"Aide aux Va\u00efnakhs"},"content":{"rendered":"<p><img loading=\"lazy\" decoding=\"async\" class=\"size-large wp-image-2463 alignleft\" src=\"https:\/\/salsabil.info\/fr\/wp-content\/uploads\/2023\/09\/Chechen-refugees-1024x683.jpg\" alt=\"\" width=\"540\" height=\"360\" srcset=\"https:\/\/salsabil.info\/fr\/wp-content\/uploads\/2023\/09\/Chechen-refugees-1024x683.jpg 1024w, https:\/\/salsabil.info\/fr\/wp-content\/uploads\/2023\/09\/Chechen-refugees-300x200.jpg 300w, https:\/\/salsabil.info\/fr\/wp-content\/uploads\/2023\/09\/Chechen-refugees-768x512.jpg 768w, https:\/\/salsabil.info\/fr\/wp-content\/uploads\/2023\/09\/Chechen-refugees-1536x1024.jpg 1536w, https:\/\/salsabil.info\/fr\/wp-content\/uploads\/2023\/09\/Chechen-refugees-2048x1365.jpg 2048w, https:\/\/salsabil.info\/fr\/wp-content\/uploads\/2023\/09\/Chechen-refugees-360x240.jpg 360w\" sizes=\"auto, (max-width: 540px) 100vw, 540px\" \/><\/p>\n<h2><strong>Aide aux Va\u00efnakhs <\/strong><\/h2>\n<p>En 1994, la Tch\u00e9tch\u00e9nie a subi une guerre destructrice qui a fait plus de 300 000 morts. Face \u00e0 ce conflit sanglant, beaucoup de r\u00e9fugi\u00e9s tch\u00e9tch\u00e8nes \u00e9migrent vers l\u2019Europe de l\u2019Est et de l\u2019Ouest. Aujourd\u2019hui la guerre est termin\u00e9e, mais des centaines de milliers de Tch\u00e9tch\u00e8nes vivent toujours hors de leur patrie.<\/p>\n<p>En Europe, les r\u00e9fugi\u00e9s tch\u00e9tch\u00e8nes se sont plus ou moins remis de cette guerre, la grande majorit\u00e9 fait des \u00e9tudes, travaille, se d\u00e9veloppe. Beaucoup de r\u00e9fugi\u00e9s tch\u00e9tch\u00e8nes cr\u00e9ent de l\u2019emploi en ouvrant des entreprises.<\/p>\n<p>Un grand nombre de tch\u00e9tch\u00e8nes, qui ont connu la mis\u00e8re et la destruction, souhaitent apporter \u00e0 leur tour leur aide aux n\u00e9cessiteux qui ont connu les m\u00eames malheurs et injustices. C\u2019est ainsi que les associations humanitaires telles que la n\u00f4tre b\u00e9n\u00e9ficient d\u2019un grand soutien financier, moral, et humain de la part de ceux qui savent mieux que quiconque ce que c\u2019est de vivre dans le besoin.<\/p>\n<p>Cependant cette situation n\u2019est pas la m\u00eame pour tous les r\u00e9fugi\u00e9s.<\/p>\n<p>Certains pays n\u2019ont pas forc\u00e9ment le d\u00e9veloppement \u00e9conomique n\u00e9cessaire pour permettre aux r\u00e9fugi\u00e9s de se remettre sur pied.<\/p>\n<p>Malheureusement, c\u2019est le cas pour des milliers de r\u00e9fugi\u00e9s tch\u00e9tch\u00e8nes en Azerba\u00efdjan et en G\u00e9orgie. Pour beaucoup, obtenir un emploi ou s&rsquo;inscrire dans un \u00e9tablissement d&rsquo;enseignement semble irr\u00e9aliste lorsqu&rsquo;il n&rsquo;y a ni documents d\u00e9clar\u00e9s pour certains, ni opportunit\u00e9s. Ce n\u2019est pourtant pas la motivation qui manque, le peuple, tch\u00e9tch\u00e8ne \u00e9tant tr\u00e8s travailleur et restant rarement sans activit\u00e9. Ce manque d\u2019emplois, et donc de moyens de subsistance se traduit rapidement par une pauvret\u00e9 pour beaucoup de ces r\u00e9fugi\u00e9s, voire extr\u00eame pauvret\u00e9 pour une partie d\u2019entre eux. De nombreuses personnes se retrouvent dans la rue avec leurs familles, dont des personnes \u00e2g\u00e9es et de jeunes enfants. Certains n\u2019ont pas de quoi se nourrir, de s\u2019habiller d\u00e9cemment pour faire face au froid hivernal qui est tr\u00e8s difficile dans ces r\u00e9gions. Beaucoup de nos compatriotes se tournent encore vers nous pour obtenir de l&rsquo;aide.<\/p>\n<p><strong>Les actions de Salsabil dans ces r\u00e9gions<\/strong><\/p>\n<p>Conscients de leur situation difficile, nous faisons tout notre possible pour apporter une aide et all\u00e9ger le sort des r\u00e9fugi\u00e9s dans ces r\u00e9gions ou la vie est tr\u00e8s difficile.<\/p>\n<p>Notre activit\u00e9 principale est la fourniture d\u2019aide alimentaire. Cette aide alimentaire est g\u00e9n\u00e9ralement apport\u00e9e sous forme de distribution de kits alimentaires, mais aussi de distribution de viande, de repas pr\u00e9par\u00e9s.<\/p>\n<p>Nous avons accord\u00e9 une importance particuli\u00e8re aux orphelins de ces r\u00e9gions, et prenons totalement en charge tout au long de l\u2019ann\u00e9e et ce depuis plusieurs ann\u00e9es, une centaine d\u2019orphelins qui n\u2019ont personne d\u2019autre pour les aider.<\/p>\n<p>Nous aidons ces r\u00e9fugi\u00e9s \u00e0 faire face au froid hivernal extr\u00eame de ces r\u00e9gions en leur fournissant des v\u00eatements chauds ainsi que du mat\u00e9riel de chauffage.<\/p>\n<p>Nous contribuons \u00e0 l\u2019\u00e9ducation des enfants en distribuant des manuels et fournitures scolaires<\/p>\n<p>Enfin, nous apportons une aide m\u00e9dicale en distribuant du mat\u00e9riel et m\u00e9dicaments.<\/p>\n<p>En tout, nous avons aid\u00e9 durant ces dix derni\u00e8res ann\u00e9es pr\u00e8s de 10 000 n\u00e9cessiteux dans ces r\u00e9gions.<\/p>\n<p>La situation des r\u00e9fugi\u00e9s aujourd\u2019hui n\u2019a pas facilit\u00e9e suite \u00e0 la pand\u00e9mie, et la crise mondiale actuelle. Nous nous effor\u00e7ons de venir en aide au plus grand nombre de personnes possible, et continuerons \u00e0 le faire tant que nous en auront l\u2019opportunit\u00e9.<\/p>\n<p>Nous tenons \u00e0 remercier tous ceux qui sont impliqu\u00e9s dans r\u00e9alisation de nos projets dans ces r\u00e9gions, qui nous ont aid\u00e9s durant ces dix ann\u00e9es \u00e0 subvenir aux besoins de nos compatriotes.<\/p>\n<p>Vous pouvez nous contacter sur le num\u00e9ro WhatsApp indiqu\u00e9 dans la rubrique Contacts si vous souhaitez avoir plus d\u2019informations sur ce projet. Pour faire un don rendez-vous directement dans la rubrique \u201cFaire un don\u201d et choisissez le projet en question.<\/p>\n","protected":false},"excerpt":{"rendered":"<p>Aide aux Va\u00efnakhs En 1994, la Tch\u00e9tch\u00e9nie a subi une guerre destructrice qui a fait plus de 300 000 morts. Face \u00e0 ce conflit sanglant, beaucoup de r\u00e9fugi\u00e9s tch\u00e9tch\u00e8nes \u00e9migrent vers l\u2019Europe de l\u2019Est et de l\u2019Ouest. Aujourd\u2019hui la guerre<\/p>\n","protected":false},"author":1,"featured_media":0,"parent":0,"menu_order":0,"comment_status":"closed","ping_status":"closed","template":"","meta":{"footnotes":""},"class_list":["post-980","page","type-page","status-publish","hentry"],"_links":{"self":[{"href":"https:\/\/salsabil.info\/fr\/wp-json\/wp\/v2\/pages\/980","targetHints":{"allow":["GET"]}}],"collection":[{"href":"https:\/\/salsabil.info\/fr\/wp-json\/wp\/v2\/pages"}],"about":[{"href":"https:\/\/salsabil.info\/fr\/wp-json\/wp\/v2\/types\/page"}],"author":[{"embeddable":true,"href":"https:\/\/salsabil.info\/fr\/wp-json\/wp\/v2\/users\/1"}],"replies":[{"embeddable":true,"href":"https:\/\/salsabil.info\/fr\/wp-json\/wp\/v2\/comments?post=980"}],"version-history":[{"count":5,"href":"https:\/\/salsabil.info\/fr\/wp-json\/wp\/v2\/pages\/980\/revisions"}],"predecessor-version":[{"id":2517,"href":"https:\/\/salsabil.info\/fr\/wp-json\/wp\/v2\/pages\/980\/revisions\/2517"}],"wp:attachment":[{"href":"https:\/\/salsabil.info\/fr\/wp-json\/wp\/v2\/media?parent=980"}],"curies":[{"name":"wp","href":"https:\/\/api.w.org\/{rel}","templated":true}]}}